{"id":883,"date":"2021-06-27T19:18:53","date_gmt":"2021-06-27T22:18:53","guid":{"rendered":"https:\/\/vaniacandelot.com.br\/portal\/?page_id=883"},"modified":"2021-08-26T11:30:06","modified_gmt":"2021-08-26T14:30:06","slug":"constelacao-gemelar","status":"publish","type":"page","link":"https:\/\/vaniacandelot.com.br\/portal\/constelacao-gemelar\/","title":{"rendered":"Constela\u00e7\u00e3o Gemelar"},"content":{"rendered":"\t\t<div data-elementor-type=\"wp-page\" data-elementor-id=\"883\" class=\"elementor elementor-883\" data-elementor-settings=\"[]\">\n\t\t\t\t\t\t<div class=\"elementor-inner\">\n\t\t\t\t\t\t\t<div class=\"elementor-section-wrap\">\n\t\t\t\t\t\t\t<section class=\"elementor-section elementor-top-section elementor-element elementor-element-418edef elementor-section-boxed elementor-section-height-default elementor-section-height-default\" data-id=\"418edef\" data-element_type=\"section\">\n\t\t\t\t\t\t<div class=\"elementor-container elementor-column-gap-default\">\n\t\t\t\t\t\t\t<div class=\"elementor-row\">\n\t\t\t\t\t<div class=\"elementor-column elementor-col-100 elementor-top-column elementor-element elementor-element-629fee6\" data-id=\"629fee6\" data-element_type=\"column\">\n\t\t\t<div class=\"elementor-column-wrap elementor-element-populated\">\n\t\t\t\t\t\t\t<div class=\"elementor-widget-wrap\">\n\t\t\t\t\t\t<div class=\"elementor-element elementor-element-a1419d0 elementor-widget elementor-widget-text-editor\" data-id=\"a1419d0\" data-element_type=\"widget\" data-widget_type=\"text-editor.default\">\n\t\t\t\t<div class=\"elementor-widget-container\">\n\t\t\t\t\t\t\t\t<div class=\"elementor-text-editor elementor-clearfix\">\n\t\t\t\t<p>A Constela\u00e7\u00e3o Gemelar, diferentemente da Constela\u00e7\u00e3o Familiar, se d\u00e1 atrav\u00e9s de um processo terap\u00eautico de aproximadamente 8 atendimentos, onde a maior parte pode ser online, mas com pelo menos dois atendimentos presenciais.<\/p><p><strong>Indicado para:<\/strong><\/p><p>\u00c9 indicada para clientes que apesar das Constela\u00e7\u00f5es Familiares continuam com movimento interrompido em dire\u00e7\u00e3o \u00e0 vida. Para aqueles que n\u00e3o encontram solu\u00e7\u00e3o para o problema constelado, ou ap\u00f3s pouco tempo recaem na mesma din\u00e2mica e padr\u00e3o de emaranhamento. Nesse caso, se trata de algo mais profundo, um componente interno, que as impede de tomar a vida, uma experi\u00eancia Gemelar.<\/p><p><strong>Conceito do Sistema Gemelar do M\u00e9todo Freni<\/strong><\/p>\t\t\t\t\t<\/div>\n\t\t\t\t\t\t<\/div>\n\t\t\t\t<\/div>\n\t\t\t\t\t\t<\/div>\n\t\t\t\t\t<\/div>\n\t\t<\/div>\n\t\t\t\t\t\t\t\t<\/div>\n\t\t\t\t\t<\/div>\n\t\t<\/section>\n\t\t\t\t<section class=\"elementor-section elementor-top-section elementor-element elementor-element-a272125 elementor-section-boxed elementor-section-height-default elementor-section-height-default\" data-id=\"a272125\" data-element_type=\"section\">\n\t\t\t\t\t\t<div class=\"elementor-container elementor-column-gap-default\">\n\t\t\t\t\t\t\t<div class=\"elementor-row\">\n\t\t\t\t\t<div class=\"elementor-column elementor-col-50 elementor-top-column elementor-element elementor-element-01d5979\" data-id=\"01d5979\" data-element_type=\"column\">\n\t\t\t<div class=\"elementor-column-wrap elementor-element-populated\">\n\t\t\t\t\t\t\t<div class=\"elementor-widget-wrap\">\n\t\t\t\t\t\t<div class=\"elementor-element elementor-element-f48368a elementor-widget elementor-widget-image\" data-id=\"f48368a\" data-element_type=\"widget\" data-widget_type=\"image.default\">\n\t\t\t\t<div class=\"elementor-widget-container\">\n\t\t\t\t\t\t\t\t<div class=\"elementor-image\">\n\t\t\t\t\t\t\t\t\t\t\t\t<img decoding=\"async\" width=\"700\" height=\"465\" src=\"https:\/\/vaniacandelot.com.br\/portal\/wp-content\/uploads\/2021\/08\/imagem-de-gemeos-1.jpg\" class=\"attachment-full size-full\" alt=\"\" loading=\"lazy\" \/>\t\t\t\t\t\t\t\t\t\t\t\t\t\t<\/div>\n\t\t\t\t\t\t<\/div>\n\t\t\t\t<\/div>\n\t\t\t\t\t\t<\/div>\n\t\t\t\t\t<\/div>\n\t\t<\/div>\n\t\t\t\t<div class=\"elementor-column elementor-col-50 elementor-top-column elementor-element elementor-element-b81c149\" data-id=\"b81c149\" data-element_type=\"column\">\n\t\t\t<div class=\"elementor-column-wrap elementor-element-populated\">\n\t\t\t\t\t\t\t<div class=\"elementor-widget-wrap\">\n\t\t\t\t\t\t<div class=\"elementor-element elementor-element-4685201 elementor-widget elementor-widget-text-editor\" data-id=\"4685201\" data-element_type=\"widget\" data-widget_type=\"text-editor.default\">\n\t\t\t\t<div class=\"elementor-widget-container\">\n\t\t\t\t\t\t\t\t<div class=\"elementor-text-editor elementor-clearfix\">\n\t\t\t\t<p>Sistema Gemelar \u00e9 um estudo sist\u00eamico com base em observa\u00e7\u00f5es fenomenol\u00f3gicas, de que a maioria de n\u00f3s, somos \u201cg\u00eameos sobreviventes\u201d.<\/p>\t\t\t\t\t<\/div>\n\t\t\t\t\t\t<\/div>\n\t\t\t\t<\/div>\n\t\t\t\t\t\t<\/div>\n\t\t\t\t\t<\/div>\n\t\t<\/div>\n\t\t\t\t\t\t\t\t<\/div>\n\t\t\t\t\t<\/div>\n\t\t<\/section>\n\t\t\t\t<section class=\"elementor-section elementor-top-section elementor-element elementor-element-e360ea7 elementor-section-boxed elementor-section-height-default elementor-section-height-default\" data-id=\"e360ea7\" data-element_type=\"section\">\n\t\t\t\t\t\t<div class=\"elementor-container elementor-column-gap-default\">\n\t\t\t\t\t\t\t<div class=\"elementor-row\">\n\t\t\t\t\t<div class=\"elementor-column elementor-col-100 elementor-top-column elementor-element elementor-element-b886767\" data-id=\"b886767\" data-element_type=\"column\">\n\t\t\t<div class=\"elementor-column-wrap elementor-element-populated\">\n\t\t\t\t\t\t\t<div class=\"elementor-widget-wrap\">\n\t\t\t\t\t\t<div class=\"elementor-element elementor-element-ce1de12 elementor-widget elementor-widget-text-editor\" data-id=\"ce1de12\" data-element_type=\"widget\" data-widget_type=\"text-editor.default\">\n\t\t\t\t<div class=\"elementor-widget-container\">\n\t\t\t\t\t\t\t\t<div class=\"elementor-text-editor elementor-clearfix\">\n\t\t\t\t<p>A Constela\u00e7\u00e3o Gemelar se move dentro do\u00a0<strong>Campo Morfogen\u00e9tico Gemelar. Um campo pr\u00f3prio espec\u00edfico de cada um de n\u00f3s<\/strong>, trata-se de voc\u00ea em primeiro lugar.<\/p><p>A vida est\u00e1 sujeita \u00e0s leis da natureza, ou seja, se trata de biologia, f\u00edsica e qu\u00edmica. E claro da atua\u00e7\u00e3o da Lei da Gravidade. As leis da natureza atuam tamb\u00e9m dentro do \u00fatero, e ali acontece \u201ctodas\u201d as nossas primeiras vezes.<\/p><p><strong>Todas as vezes que algo ocorre pela primeira vez se forma uma matriz, um automatismo, e o resto s\u00e3o apenas rea\u00e7\u00f5es a esses acontecimentos.<\/strong> Ou seja, foi dentro do \u00fatero que pela primeira vez sentimos: alegria, surpresa, amor, mas tamb\u00e9m, a primeira vez que sentimos: medo, raiva, tristeza dentre outras emo\u00e7\u00f5es. Todas as primeiras vezes ocorrem junto a esses irm\u00e3os g\u00eameos dentro do \u00fatero. E fora do \u00fatero se trata apenas de repeti\u00e7\u00f5es.<\/p>\t\t\t\t\t<\/div>\n\t\t\t\t\t\t<\/div>\n\t\t\t\t<\/div>\n\t\t\t\t\t\t<\/div>\n\t\t\t\t\t<\/div>\n\t\t<\/div>\n\t\t\t\t\t\t\t\t<\/div>\n\t\t\t\t\t<\/div>\n\t\t<\/section>\n\t\t\t\t<section class=\"elementor-section elementor-top-section elementor-element elementor-element-c68943e elementor-section-boxed elementor-section-height-default elementor-section-height-default\" data-id=\"c68943e\" data-element_type=\"section\">\n\t\t\t\t\t\t<div class=\"elementor-container elementor-column-gap-default\">\n\t\t\t\t\t\t\t<div class=\"elementor-row\">\n\t\t\t\t\t<div class=\"elementor-column elementor-col-50 elementor-top-column elementor-element elementor-element-3ce82f6\" data-id=\"3ce82f6\" data-element_type=\"column\">\n\t\t\t<div class=\"elementor-column-wrap elementor-element-populated\">\n\t\t\t\t\t\t\t<div class=\"elementor-widget-wrap\">\n\t\t\t\t\t\t<div class=\"elementor-element elementor-element-e9de021 elementor-widget elementor-widget-image\" data-id=\"e9de021\" data-element_type=\"widget\" data-widget_type=\"image.default\">\n\t\t\t\t<div class=\"elementor-widget-container\">\n\t\t\t\t\t\t\t\t<div class=\"elementor-image\">\n\t\t\t\t\t\t\t\t\t\t\t\t<img decoding=\"async\" width=\"319\" height=\"212\" src=\"https:\/\/vaniacandelot.com.br\/portal\/wp-content\/uploads\/2021\/08\/CARNEGIE-STAGES-LIMPA.jpg\" class=\"attachment-full size-full\" alt=\"\" loading=\"lazy\" \/>\t\t\t\t\t\t\t\t\t\t\t\t\t\t<\/div>\n\t\t\t\t\t\t<\/div>\n\t\t\t\t<\/div>\n\t\t\t\t<div class=\"elementor-element elementor-element-76954c5 elementor-widget elementor-widget-heading\" data-id=\"76954c5\" data-element_type=\"widget\" data-widget_type=\"heading.default\">\n\t\t\t\t<div class=\"elementor-widget-container\">\n\t\t\t<h2 class=\"elementor-heading-title elementor-size-default\">Per\u00edodo estudado pelo Sistema Gemelar<\/h2>\t\t<\/div>\n\t\t\t\t<\/div>\n\t\t\t\t\t\t<\/div>\n\t\t\t\t\t<\/div>\n\t\t<\/div>\n\t\t\t\t<div class=\"elementor-column elementor-col-50 elementor-top-column elementor-element elementor-element-f684741\" data-id=\"f684741\" data-element_type=\"column\">\n\t\t\t<div class=\"elementor-column-wrap elementor-element-populated\">\n\t\t\t\t\t\t\t<div class=\"elementor-widget-wrap\">\n\t\t\t\t\t\t<div class=\"elementor-element elementor-element-505e44d elementor-widget elementor-widget-text-editor\" data-id=\"505e44d\" data-element_type=\"widget\" data-widget_type=\"text-editor.default\">\n\t\t\t\t<div class=\"elementor-widget-container\">\n\t\t\t\t\t\t\t\t<div class=\"elementor-text-editor elementor-clearfix\">\n\t\t\t\t<p>De acordo com o M\u00e9todo Freni, o g\u00eameo sobrevivente vive tr\u00eas grandes traumas intra-uterinos, nos primeiros 40-50 dias de vida, que se manifestam em seu corpo f\u00edsico, registrados no Tronco Encef\u00e1lico, \u00a0j\u00e1 que neste per\u00edodo o embri\u00e3o s\u00f3 tem o c\u00e9rebro reptiliano desenvolvido.<\/p>\t\t\t\t\t<\/div>\n\t\t\t\t\t\t<\/div>\n\t\t\t\t<\/div>\n\t\t\t\t\t\t<\/div>\n\t\t\t\t\t<\/div>\n\t\t<\/div>\n\t\t\t\t\t\t\t\t<\/div>\n\t\t\t\t\t<\/div>\n\t\t<\/section>\n\t\t\t\t<section class=\"elementor-section elementor-top-section elementor-element elementor-element-f649d57 elementor-section-boxed elementor-section-height-default elementor-section-height-default\" data-id=\"f649d57\" data-element_type=\"section\">\n\t\t\t\t\t\t<div class=\"elementor-container elementor-column-gap-default\">\n\t\t\t\t\t\t\t<div class=\"elementor-row\">\n\t\t\t\t\t<div class=\"elementor-column elementor-col-100 elementor-top-column elementor-element elementor-element-8ed9638\" data-id=\"8ed9638\" data-element_type=\"column\">\n\t\t\t<div class=\"elementor-column-wrap elementor-element-populated\">\n\t\t\t\t\t\t\t<div class=\"elementor-widget-wrap\">\n\t\t\t\t\t\t<div class=\"elementor-element elementor-element-784a97a elementor-widget elementor-widget-text-editor\" data-id=\"784a97a\" data-element_type=\"widget\" data-widget_type=\"text-editor.default\">\n\t\t\t\t<div class=\"elementor-widget-container\">\n\t\t\t\t\t\t\t\t<div class=\"elementor-text-editor elementor-clearfix\">\n\t\t\t\t<p>H\u00e1 sempre um irm\u00e3o ou irm\u00e3 com um valor especial. \u00c9 sempre um g\u00eameo em que o sobrevivente se reconheceu e identificou \u2013 mesmo sexo, mesmo tamanho, mesmo estado de desenvolvimento e funcionalidade: um \u201cpar\u201d, por assim dizer. Na sua morte ocorre o movimento interrompido, o sobrevivente se reorganiza e se conecta com outro que tamb\u00e9m morre, criando novo trauma.<\/p><p>Os traumas vivenciados no \u00fatero, s\u00e3o transferidos para a vida do sobrevivente como se fosse um holograma, e as pessoas que passam pela vida desse sobrevivente, sempre ocupam o lugar, \u201cde substitutos\u201d, de algum dos irm\u00e3os g\u00eameos.<\/p>\t\t\t\t\t<\/div>\n\t\t\t\t\t\t<\/div>\n\t\t\t\t<\/div>\n\t\t\t\t\t\t<\/div>\n\t\t\t\t\t<\/div>\n\t\t<\/div>\n\t\t\t\t\t\t\t\t<\/div>\n\t\t\t\t\t<\/div>\n\t\t<\/section>\n\t\t\t\t<section class=\"elementor-section elementor-top-section elementor-element elementor-element-dab5c01 elementor-section-boxed elementor-section-height-default elementor-section-height-default\" data-id=\"dab5c01\" data-element_type=\"section\">\n\t\t\t\t\t\t<div class=\"elementor-container elementor-column-gap-default\">\n\t\t\t\t\t\t\t<div class=\"elementor-row\">\n\t\t\t\t\t<div class=\"elementor-column elementor-col-100 elementor-top-column elementor-element elementor-element-2d65330\" data-id=\"2d65330\" data-element_type=\"column\">\n\t\t\t<div class=\"elementor-column-wrap elementor-element-populated\">\n\t\t\t\t\t\t\t<div class=\"elementor-widget-wrap\">\n\t\t\t\t\t\t<div class=\"elementor-element elementor-element-59b4af5 elementor-widget elementor-widget-text-editor\" data-id=\"59b4af5\" data-element_type=\"widget\" data-widget_type=\"text-editor.default\">\n\t\t\t\t<div class=\"elementor-widget-container\">\n\t\t\t\t\t\t\t\t<div class=\"elementor-text-editor elementor-clearfix\">\n\t\t\t\t<p><strong>M\u00e9todo Freni de Constela\u00e7\u00e3o Gemelar<\/strong><\/p><p>A metodologia foi desenvolvida pela Dra. Graziella Concetta Freni que, a partir de 2008, passou a estudar as constela\u00e7\u00f5es familiares junto a Bert Hellinger e Sophie Hellinger.<\/p><p>Na sua jornada de trabalho com as constela\u00e7\u00f5es familiares, foi percebendo que algumas pessoas mesmo ap\u00f3s serem \u201cconsteladas\u201d, continuavam com quest\u00f5es pendentes, principalmente no que diz respeito a\u00a0<strong>movimentos interrompidos.<\/strong><\/p><p>Em 2009, ap\u00f3s um processo de adoecimento, compreendeu ser um \u201cg\u00eameo sobrevivente\u201d, e come\u00e7ou a conduzir seus primeiros semin\u00e1rios na Sic\u00edlia, centrados no t\u00f3pico. Em 2012 se formou Conselheira Profissional, especialista em Constela\u00e7\u00f5es Familiares com o M\u00e9todo Bert Hellinger\u00ae, <strong>onde apresentou a tese sobre G\u00eameos Desaparecidos.<\/strong><\/p><p><strong>Sintomas Emocionais que o G\u00eameo nascido sofre na S\u00edndrome do G\u00eameo Desvanecido<\/strong><\/p><p>A perda do irm\u00e3o g\u00eameo durante a gravidez, mesmo que inconscientemente, pode acarretar traumas profundos, sensa\u00e7\u00f5es constantes de ang\u00fastia, solid\u00e3o, mesmo estando acompanhado, tristeza, insatisfa\u00e7\u00e3o, rejei\u00e7\u00e3o e nostalgia podem estar ligadas a mem\u00f3rias remotas da vida intra-uterina.<\/p><p><strong>Ci\u00eancia e S\u00edndrome do G\u00eameo desaparecido<\/strong><\/p><p>Apesar de causar estranheza em muitos de n\u00f3s, a\u00a0<strong>s\u00edndrome do g\u00eameo<\/strong>\u00a0desaparecido, ou\u00a0<strong>g\u00eameo evanescente<\/strong>, \u00e9 muito comum e trata-se de uma defesa do organismo da mulher para garantir a sobreviv\u00eancia dos demais fetos dentro do \u00fatero durante a gravidez.<\/p>\t\t\t\t\t<\/div>\n\t\t\t\t\t\t<\/div>\n\t\t\t\t<\/div>\n\t\t\t\t\t\t<\/div>\n\t\t\t\t\t<\/div>\n\t\t<\/div>\n\t\t\t\t\t\t\t\t<\/div>\n\t\t\t\t\t<\/div>\n\t\t<\/section>\n\t\t\t\t<section class=\"elementor-section elementor-top-section elementor-element elementor-element-2dd18ab elementor-section-boxed elementor-section-height-default elementor-section-height-default\" data-id=\"2dd18ab\" data-element_type=\"section\">\n\t\t\t\t\t\t<div class=\"elementor-container elementor-column-gap-default\">\n\t\t\t\t\t\t\t<div class=\"elementor-row\">\n\t\t\t\t\t<div class=\"elementor-column elementor-col-50 elementor-top-column elementor-element elementor-element-49f1d07\" data-id=\"49f1d07\" data-element_type=\"column\">\n\t\t\t<div class=\"elementor-column-wrap elementor-element-populated\">\n\t\t\t\t\t\t\t<div class=\"elementor-widget-wrap\">\n\t\t\t\t\t\t<div class=\"elementor-element elementor-element-f0940f4 elementor-widget elementor-widget-image\" data-id=\"f0940f4\" data-element_type=\"widget\" data-widget_type=\"image.default\">\n\t\t\t\t<div class=\"elementor-widget-container\">\n\t\t\t\t\t\t\t\t<div class=\"elementor-image\">\n\t\t\t\t\t\t\t\t\t\t\t\t<img decoding=\"async\" width=\"700\" height=\"532\" src=\"https:\/\/vaniacandelot.com.br\/portal\/wp-content\/uploads\/2021\/08\/IMAGEM-DE-VARIAS-BOLSAS-AMINIOTICAS-NO-UTERO-1.jpeg\" class=\"attachment-full size-full\" alt=\"\" loading=\"lazy\" \/>\t\t\t\t\t\t\t\t\t\t\t\t\t\t<\/div>\n\t\t\t\t\t\t<\/div>\n\t\t\t\t<\/div>\n\t\t\t\t\t\t<\/div>\n\t\t\t\t\t<\/div>\n\t\t<\/div>\n\t\t\t\t<div class=\"elementor-column elementor-col-50 elementor-top-column elementor-element elementor-element-f5e1432\" data-id=\"f5e1432\" data-element_type=\"column\">\n\t\t\t<div class=\"elementor-column-wrap elementor-element-populated\">\n\t\t\t\t\t\t\t<div class=\"elementor-widget-wrap\">\n\t\t\t\t\t\t<div class=\"elementor-element elementor-element-1e057ba elementor-widget elementor-widget-text-editor\" data-id=\"1e057ba\" data-element_type=\"widget\" data-widget_type=\"text-editor.default\">\n\t\t\t\t<div class=\"elementor-widget-container\">\n\t\t\t\t\t\t\t\t<div class=\"elementor-text-editor elementor-clearfix\">\n\t\t\t\t<p>Imagem de ultrassonografia de um \u00fatero com v\u00e1rias bolsas amni\u00f3ticas vazias. Este\u00a0 fen\u00f4meno refere-se \u00e0 absor\u00e7\u00e3o natural num curto espa\u00e7o de tempo. O feto simplesmente desaparece do \u00fatero da m\u00e3e.<\/p>\t\t\t\t\t<\/div>\n\t\t\t\t\t\t<\/div>\n\t\t\t\t<\/div>\n\t\t\t\t\t\t<\/div>\n\t\t\t\t\t<\/div>\n\t\t<\/div>\n\t\t\t\t\t\t\t\t<\/div>\n\t\t\t\t\t<\/div>\n\t\t<\/section>\n\t\t\t\t<section class=\"elementor-section elementor-top-section elementor-element elementor-element-9a4f2d3 elementor-section-boxed elementor-section-height-default elementor-section-height-default\" data-id=\"9a4f2d3\" data-element_type=\"section\">\n\t\t\t\t\t\t<div class=\"elementor-container elementor-column-gap-default\">\n\t\t\t\t\t\t\t<div class=\"elementor-row\">\n\t\t\t\t\t<div class=\"elementor-column elementor-col-50 elementor-top-column elementor-element elementor-element-00ad02f\" data-id=\"00ad02f\" data-element_type=\"column\">\n\t\t\t<div class=\"elementor-column-wrap elementor-element-populated\">\n\t\t\t\t\t\t\t<div class=\"elementor-widget-wrap\">\n\t\t\t\t\t\t<div class=\"elementor-element elementor-element-35fae9a elementor-widget elementor-widget-text-editor\" data-id=\"35fae9a\" data-element_type=\"widget\" data-widget_type=\"text-editor.default\">\n\t\t\t\t<div class=\"elementor-widget-container\">\n\t\t\t\t\t\t\t\t<div class=\"elementor-text-editor elementor-clearfix\">\n\t\t\t\t<p><strong>Estudos apontam que a s\u00edndrome do g\u00eameo desaparecido acontece em cerca de 20% dos casos de gravidez, e que uma em cada oito pessoas come\u00e7aram a vida com um ou mais irm\u00e3os g\u00eameos.<\/strong><\/p>\t\t\t\t\t<\/div>\n\t\t\t\t\t\t<\/div>\n\t\t\t\t<\/div>\n\t\t\t\t\t\t<\/div>\n\t\t\t\t\t<\/div>\n\t\t<\/div>\n\t\t\t\t<div class=\"elementor-column elementor-col-50 elementor-top-column elementor-element elementor-element-e767f8c\" data-id=\"e767f8c\" data-element_type=\"column\">\n\t\t\t<div class=\"elementor-column-wrap elementor-element-populated\">\n\t\t\t\t\t\t\t<div class=\"elementor-widget-wrap\">\n\t\t\t\t\t\t<div class=\"elementor-element elementor-element-b6d7c14 elementor-widget elementor-widget-image\" data-id=\"b6d7c14\" data-element_type=\"widget\" data-widget_type=\"image.default\">\n\t\t\t\t<div class=\"elementor-widget-container\">\n\t\t\t\t\t\t\t\t<div class=\"elementor-image\">\n\t\t\t\t\t\t\t\t\t\t\t\t<img decoding=\"async\" width=\"515\" height=\"370\" src=\"https:\/\/vaniacandelot.com.br\/portal\/wp-content\/uploads\/2021\/08\/GEMEOS-NO-UTERO.jpeg\" class=\"attachment-full size-full\" alt=\"\" loading=\"lazy\" \/>\t\t\t\t\t\t\t\t\t\t\t\t\t\t<\/div>\n\t\t\t\t\t\t<\/div>\n\t\t\t\t<\/div>\n\t\t\t\t\t\t<\/div>\n\t\t\t\t\t<\/div>\n\t\t<\/div>\n\t\t\t\t\t\t\t\t<\/div>\n\t\t\t\t\t<\/div>\n\t\t<\/section>\n\t\t\t\t<section class=\"elementor-section elementor-top-section elementor-element elementor-element-bb70681 elementor-section-boxed elementor-section-height-default elementor-section-height-default\" data-id=\"bb70681\" data-element_type=\"section\">\n\t\t\t\t\t\t<div class=\"elementor-container elementor-column-gap-default\">\n\t\t\t\t\t\t\t<div class=\"elementor-row\">\n\t\t\t\t\t<div class=\"elementor-column elementor-col-100 elementor-top-column elementor-element elementor-element-16c70c5\" data-id=\"16c70c5\" data-element_type=\"column\">\n\t\t\t<div class=\"elementor-column-wrap elementor-element-populated\">\n\t\t\t\t\t\t\t<div class=\"elementor-widget-wrap\">\n\t\t\t\t\t\t<div class=\"elementor-element elementor-element-75e257b elementor-widget elementor-widget-text-editor\" data-id=\"75e257b\" data-element_type=\"widget\" data-widget_type=\"text-editor.default\">\n\t\t\t\t<div class=\"elementor-widget-container\">\n\t\t\t\t\t\t\t\t<div class=\"elementor-text-editor elementor-clearfix\">\n\t\t\t\t<p>Embora n\u00e3o exista uma explica\u00e7\u00e3o, cientistas atribuem anormalidades na multiplica\u00e7\u00e3o dos cromossomos ou sobrecarga da placenta. Nesses casos, o pr\u00f3prio organismo sacrifica um feto para garantir que os demais sobrevivam.<\/p><p>Normalmente, seguindo o cronograma padr\u00e3o de exames gestacionais, a primeira ultrassonografia \u00e9 realizada num per\u00edodo em que alguns fetos podem ter sido reabsorvidos pelo organismo, sendo assim, ningu\u00e9m ficar\u00e1 sabendo sobre sua exist\u00eancia.<\/p><p>Quando a s\u00edndrome do g\u00eameo desaparecido ocorre antes do primeiro trimestre de gesta\u00e7\u00e3o, n\u00e3o h\u00e1 perigo de qualquer consequ\u00eancia para o outro beb\u00ea, mas a perda do irm\u00e3o g\u00eameo durante a gravidez, mesmo que inconsciente, pode acarretar traumas profundos ao g\u00eameo nascido.<\/p>\t\t\t\t\t<\/div>\n\t\t\t\t\t\t<\/div>\n\t\t\t\t<\/div>\n\t\t\t\t\t\t<\/div>\n\t\t\t\t\t<\/div>\n\t\t<\/div>\n\t\t\t\t\t\t\t\t<\/div>\n\t\t\t\t\t<\/div>\n\t\t<\/section>\n\t\t\t\t\t\t<\/div>\n\t\t\t\t\t\t<\/div>\n\t\t\t\t\t<\/div>\n\t\t","protected":false},"excerpt":{"rendered":"<p>A Constela\u00e7\u00e3o Gemelar, diferentemente da Constela\u00e7\u00e3o Familiar, se d\u00e1 atrav\u00e9s de um processo terap\u00eautico de aproximadamente 8 atendimentos, onde a maior parte pode ser online, mas com pelo menos dois atendimentos presenciais. Indicado para: \u00c9 indicada para clientes que apesar das Constela\u00e7\u00f5es Familiares continuam com movimento interrompido em dire\u00e7\u00e3o \u00e0 vida. Para aqueles que n\u00e3o &#8230; <a title=\"Constela\u00e7\u00e3o Gemelar\" class=\"read-more\" href=\"https:\/\/vaniacandelot.com.br\/portal\/constelacao-gemelar\/\">Ler mais <span class=\"screen-reader-text\">Constela\u00e7\u00e3o Gemelar<\/span><\/a><\/p>\n","protected":false},"author":1,"featured_media":0,"parent":0,"menu_order":0,"comment_status":"closed","ping_status":"closed","template":"","meta":[],"_links":{"self":[{"href":"https:\/\/vaniacandelot.com.br\/portal\/wp-json\/wp\/v2\/pages\/883"}],"collection":[{"href":"https:\/\/vaniacandelot.com.br\/portal\/wp-json\/wp\/v2\/pages"}],"about":[{"href":"https:\/\/vaniacandelot.com.br\/portal\/wp-json\/wp\/v2\/types\/page"}],"author":[{"embeddable":true,"href":"https:\/\/vaniacandelot.com.br\/portal\/wp-json\/wp\/v2\/users\/1"}],"replies":[{"embeddable":true,"href":"https:\/\/vaniacandelot.com.br\/portal\/wp-json\/wp\/v2\/comments?post=883"}],"version-history":[{"count":54,"href":"https:\/\/vaniacandelot.com.br\/portal\/wp-json\/wp\/v2\/pages\/883\/revisions"}],"predecessor-version":[{"id":1437,"href":"https:\/\/vaniacandelot.com.br\/portal\/wp-json\/wp\/v2\/pages\/883\/revisions\/1437"}],"wp:attachment":[{"href":"https:\/\/vaniacandelot.com.br\/portal\/wp-json\/wp\/v2\/media?parent=883"}],"curies":[{"name":"wp","href":"https:\/\/api.w.org\/{rel}","templated":true}]}}