{"id":149,"date":"2021-05-20T07:59:51","date_gmt":"2021-05-20T10:59:51","guid":{"rendered":"https:\/\/vaniacandelot.com.br\/portal\/?page_id=149"},"modified":"2021-09-17T11:51:26","modified_gmt":"2021-09-17T14:51:26","slug":"meu-canal","status":"publish","type":"page","link":"https:\/\/vaniacandelot.com.br\/portal\/meu-canal\/","title":{"rendered":"Meu Canal"},"content":{"rendered":"\t\t<div data-elementor-type=\"wp-page\" data-elementor-id=\"149\" class=\"elementor elementor-149\" data-elementor-settings=\"[]\">\n\t\t\t\t\t\t<div class=\"elementor-inner\">\n\t\t\t\t\t\t\t<div class=\"elementor-section-wrap\">\n\t\t\t\t\t\t\t<section class=\"elementor-section elementor-top-section elementor-element elementor-element-448b294 elementor-section-boxed elementor-section-height-default elementor-section-height-default\" data-id=\"448b294\" data-element_type=\"section\">\n\t\t\t\t\t\t<div class=\"elementor-container elementor-column-gap-default\">\n\t\t\t\t\t\t\t<div class=\"elementor-row\">\n\t\t\t\t\t<div class=\"elementor-column elementor-col-100 elementor-top-column elementor-element elementor-element-a2decdc\" data-id=\"a2decdc\" data-element_type=\"column\">\n\t\t\t<div class=\"elementor-column-wrap elementor-element-populated\">\n\t\t\t\t\t\t\t<div class=\"elementor-widget-wrap\">\n\t\t\t\t\t\t<div class=\"elementor-element elementor-element-8aef6e3 elementor-widget elementor-widget-shortcode\" data-id=\"8aef6e3\" data-element_type=\"widget\" data-widget_type=\"shortcode.default\">\n\t\t\t\t<div class=\"elementor-widget-container\">\n\t\t\t\t\t<div class=\"elementor-shortcode\">\t\t\t<div class=\"yotu-playlist yotuwp yotu-limit-min   yotu-thumb-169  yotu-template-grid\" data-yotu=\"69f9efc9efc1e\" data-page=\"1\" id=\"yotuwp-69f9efc9ef344\" data-total=\"2\" data-settings=\"eyJ0eXBlIjoicGxheWxpc3QiLCJpZCI6IlVVd19iUWltalBRc1F0T1E2dkk5RVozdyIsInBhZ2luYXRpb24iOiJvbiIsInBhZ2l0eXBlIjoibG9hZG1vcmUiLCJjb2x1bW4iOiI1IiwicGVyX3BhZ2UiOiIxMiIsInRlbXBsYXRlIjoiZ3JpZCIsInRpdGxlIjoib24iLCJkZXNjcmlwdGlvbiI6Im9uIiwidGh1bWJyYXRpbyI6IjE2OSIsIm1ldGEiOiJvZmYiLCJtZXRhX2RhdGEiOiJvZmYiLCJtZXRhX3Bvc2l0aW9uIjoib2ZmIiwiZGF0ZV9mb3JtYXQiOiJvZmYiLCJtZXRhX2FsaWduIjoib2ZmIiwic3Vic2NyaWJlIjoib2ZmIiwiZHVyYXRpb24iOiJvZmYiLCJtZXRhX2ljb24iOiJvZmYiLCJuZXh0dGV4dCI6IiIsInByZXZ0ZXh0IjoiIiwibG9hZG1vcmV0ZXh0IjoiIiwicGxheWVyIjp7Im1vZGUiOiJsYXJnZSIsIndpZHRoIjoiNjAwIiwic2Nyb2xsaW5nIjoiMTAwIiwiYXV0b3BsYXkiOjAsImNvbnRyb2xzIjoxLCJtb2Rlc3RicmFuZGluZyI6MSwibG9vcCI6MCwiYXV0b25leHQiOjAsInNob3dpbmZvIjoxLCJyZWwiOjEsInBsYXlpbmciOjAsInBsYXlpbmdfZGVzY3JpcHRpb24iOjAsInRodW1ibmFpbHMiOjAsImNjX2xvYWRfcG9saWN5IjoiMSIsImNjX2xhbmdfcHJlZiI6IjEiLCJobCI6IiIsIml2X2xvYWRfcG9saWN5IjoiMSJ9LCJsYXN0X3RhYiI6ImNhY2hlIiwidXNlX2FzX21vZGFsIjoib2ZmIiwibW9kYWxfaWQiOiJvZmYiLCJsYXN0X3VwZGF0ZSI6IjE2MzE4OTA0NzMiLCJzdHlsaW5nIjp7InBhZ2VyX2xheW91dCI6ImRlZmF1bHQiLCJidXR0b24iOiIxIiwiYnV0dG9uX2NvbG9yIjoiIiwiYnV0dG9uX2JnX2NvbG9yIjoiIiwiYnV0dG9uX2NvbG9yX2hvdmVyIjoiIiwiYnV0dG9uX2JnX2NvbG9yX2hvdmVyIjoiIiwidmlkZW9fc3R5bGUiOiIiLCJwbGF5aWNvbl9jb2xvciI6IiIsImhvdmVyX2ljb24iOiIiLCJnYWxsZXJ5X2JnIjoiIn0sImVmZmVjdHMiOnsidmlkZW9fYm94IjoiIiwiZmxpcF9lZmZlY3QiOiIifSwiZ2FsbGVyeV9pZCI6IjY5ZjllZmM5ZWYzNDQiLCJuZXh0IjoiRUFBYUlWQlVPa05CZDJsRlJHczBUa1ZOTVU5RVVrTk5SR2N5VVZWRk1sSkVTVzlCVVEiLCJwcmV2IjoiIn0=\" data-player=\"large\" data-showdesc=\"on\">\n\t\t\t\t<div>\n\t\t\t\t\t\t\t\t\t\t<div class=\"yotu-wrapper-player\" style=\"width:600px\">\n\t\t\t\t\t\t\t\t\t\t\t\t<div class=\"yotu-player\">\n\t\t\t\t\t\t\t<div class=\"yotu-video-placeholder\" id=\"yotu-player-69f9efc9efc1e\"><\/div>\n\t\t\t\t\t\t<\/div>\n\t\t\t\t\t\t<div class=\"yotu-playing-status\"><\/div>\n\t\t\t\t\t\t\t\t\t\t\t<\/div>\n\n\t\t\t\t\t<div class=\"yotu-videos yotu-mode-grid yotu-column-5 yotu-player-mode-large\">\n\t<ul>\n\t\t\t\t\t<li class=\" yotu-first\">\n\t\t\t\t\t\t\t\t<a href=\"#Pk2Rz5VRLCE\" class=\"yotu-video\" data-videoid=\"Pk2Rz5VRLCE\" data-title=\"2 - Medita\u00e7\u00e3o  - Honrar a vida: honrando o pai.\" title=\"2 - Medita\u00e7\u00e3o  - Honrar a vida: honrando o pai.\">\n\t\t\t\t\t<div class=\"yotu-video-thumb-wrp\">\n\t\t\t\t\t\t<div>\n\t\t\t\t\t\t\t\t\t\t\t\t\t\t<img decoding=\"async\" class=\"yotu-video-thumb\" src=\"https:\/\/i.ytimg.com\/vi\/Pk2Rz5VRLCE\/hqdefault.jpg\" alt=\"2 - Medita\u00e7\u00e3o  - Honrar a vida: honrando o pai.\">\t\n\t\t\t\t\t\t\t\t\t\t\t\t\t<\/div>\n\t\t\t\t\t<\/div>\n\t\t\t\t\t\t\t\t\t\t\t<h3 class=\"yotu-video-title\">2 - Medita\u00e7\u00e3o  - Honrar a vida: honrando o pai.<\/h3>\n\t\t\t\t\t\t\t\t\t\t\t\t\t\t\t\t\t\t\t\t\t<div class=\"yotu-video-description\"><\/div>\n\t\t\t\t\t\t\t\t\t<\/a>\n\t\t\t\t\t\t\t<\/li>\n\t\t\t\t\n\t\t\t\t\t\t<li class=\"\">\n\t\t\t\t\t\t\t\t<a href=\"#95vChNIYs7Y\" class=\"yotu-video\" data-videoid=\"95vChNIYs7Y\" data-title=\"1- Medita\u00e7\u00e3o  - Honrar a vida: honrando a m\u00e3e\" title=\"1- Medita\u00e7\u00e3o  - Honrar a vida: honrando a m\u00e3e\">\n\t\t\t\t\t<div class=\"yotu-video-thumb-wrp\">\n\t\t\t\t\t\t<div>\n\t\t\t\t\t\t\t\t\t\t\t\t\t\t<img decoding=\"async\" class=\"yotu-video-thumb\" src=\"https:\/\/i.ytimg.com\/vi\/95vChNIYs7Y\/sddefault.jpg\" alt=\"1- Medita\u00e7\u00e3o  - Honrar a vida: honrando a m\u00e3e\">\t\n\t\t\t\t\t\t\t\t\t\t\t\t\t<\/div>\n\t\t\t\t\t<\/div>\n\t\t\t\t\t\t\t\t\t\t\t<h3 class=\"yotu-video-title\">1- Medita\u00e7\u00e3o  - Honrar a vida: honrando a m\u00e3e<\/h3>\n\t\t\t\t\t\t\t\t\t\t\t\t\t\t\t\t\t\t\t\t\t<div class=\"yotu-video-description\"><\/div>\n\t\t\t\t\t\t\t\t\t<\/a>\n\t\t\t\t\t\t\t<\/li>\n\t\t\t\t\n\t\t\t\t\t\t<li class=\"\">\n\t\t\t\t\t\t\t\t<a href=\"#g6Xjvdpm4nw\" class=\"yotu-video\" data-videoid=\"g6Xjvdpm4nw\" data-title=\"Tristeza e Alegria\" title=\"Tristeza e Alegria\">\n\t\t\t\t\t<div class=\"yotu-video-thumb-wrp\">\n\t\t\t\t\t\t<div>\n\t\t\t\t\t\t\t\t\t\t\t\t\t\t<img decoding=\"async\" class=\"yotu-video-thumb\" src=\"https:\/\/i.ytimg.com\/vi\/g6Xjvdpm4nw\/sddefault.jpg\" alt=\"Tristeza e Alegria\">\t\n\t\t\t\t\t\t\t\t\t\t\t\t\t<\/div>\n\t\t\t\t\t<\/div>\n\t\t\t\t\t\t\t\t\t\t\t<h3 class=\"yotu-video-title\">Tristeza e Alegria<\/h3>\n\t\t\t\t\t\t\t\t\t\t\t\t\t\t\t\t\t\t\t\t\t<div class=\"yotu-video-description\">Ol\u00e1  pessoal hoje chegamos no nosso \u00faltimo v\u00eddeo da s\u00e9rie de Potenciais e Sentimentos.<br \/>\n<br \/>\nEspero que tenham gostado do conte\u00fado e se tiverem alguma d\u00favida \u00e9 s\u00f3 deixar nos coment\u00e1rios. <br \/>\n<br \/>\nSiga no Instagram: @vaniacandelotterapeuta<br \/>\nhttps:\/\/www.vaniacandelot.com.br<\/div>\n\t\t\t\t\t\t\t\t\t<\/a>\n\t\t\t\t\t\t\t<\/li>\n\t\t\t\t\n\t\t\t\t\t\t<li class=\"\">\n\t\t\t\t\t\t\t\t<a href=\"#cNN5yyESHx0\" class=\"yotu-video\" data-videoid=\"cNN5yyESHx0\" data-title=\"Raiva, Medo e Preocupa\u00e7\u00e3o\" title=\"Raiva, Medo e Preocupa\u00e7\u00e3o\">\n\t\t\t\t\t<div class=\"yotu-video-thumb-wrp\">\n\t\t\t\t\t\t<div>\n\t\t\t\t\t\t\t\t\t\t\t\t\t\t<img decoding=\"async\" class=\"yotu-video-thumb\" src=\"https:\/\/i.ytimg.com\/vi\/cNN5yyESHx0\/sddefault.jpg\" alt=\"Raiva, Medo e Preocupa\u00e7\u00e3o\">\t\n\t\t\t\t\t\t\t\t\t\t\t\t\t<\/div>\n\t\t\t\t\t<\/div>\n\t\t\t\t\t\t\t\t\t\t\t<h3 class=\"yotu-video-title\">Raiva, Medo e Preocupa\u00e7\u00e3o<\/h3>\n\t\t\t\t\t\t\t\t\t\t\t\t\t\t\t\t\t\t\t\t\t<div class=\"yotu-video-description\">Ol\u00e1 pessoal continuando nossa s\u00e9rie, hoje quero falar sobre tr\u00eas sentimentos que podem nos fazer adoecer. S\u00e3o eles a raiva, o medo e a preocupa\u00e7\u00e3o.<br \/>\n<br \/>\nE a\u00ed esta gostando do conte\u00fado? Deixe seu coment\u00e1rio ou d\u00favida que quero muito interagir com voc\u00ea.<br \/>\n<br \/>\nSiga no Instagram: @vaniacandelotterapeuta<br \/>\nhttps:\/\/www.vaniacandelot.com.br<\/div>\n\t\t\t\t\t\t\t\t\t<\/a>\n\t\t\t\t\t\t\t<\/li>\n\t\t\t\t\n\t\t\t\t\t\t<li class=\"\">\n\t\t\t\t\t\t\t\t<a href=\"#fRgNexapJ_I\" class=\"yotu-video\" data-videoid=\"fRgNexapJ_I\" data-title=\"Como identificar os Potenciais de sentimentos negativos\" title=\"Como identificar os Potenciais de sentimentos negativos\">\n\t\t\t\t\t<div class=\"yotu-video-thumb-wrp\">\n\t\t\t\t\t\t<div>\n\t\t\t\t\t\t\t\t\t\t\t\t\t\t<img decoding=\"async\" class=\"yotu-video-thumb\" src=\"https:\/\/i.ytimg.com\/vi\/fRgNexapJ_I\/sddefault.jpg\" alt=\"Como identificar os Potenciais de sentimentos negativos\">\t\n\t\t\t\t\t\t\t\t\t\t\t\t\t<\/div>\n\t\t\t\t\t<\/div>\n\t\t\t\t\t\t\t\t\t\t\t<h3 class=\"yotu-video-title\">Como identificar os Potenciais de sentimentos negativos<\/h3>\n\t\t\t\t\t\t\t\t\t\t\t\t\t\t\t\t\t\t\t\t\t<div class=\"yotu-video-description\">Ol\u00e1 pessoal, preparei um conte\u00fado especial para essa semana.<br \/>\n<br \/>\nHoje vou falar um pouco sobre como identificar os Potenciais de sentimentos negativos, acompanhe o v\u00eddeo e qualquer d\u00favida \u00e9 s\u00f3 comentar aqui. \ud83d\udc47\ud83c\udffd<br \/>\n<br \/>\nhttps:\/\/www.vaniacandelot.com.br<\/div>\n\t\t\t\t\t\t\t\t\t<\/a>\n\t\t\t\t\t\t\t<\/li>\n\t\t\t\t\n\t\t\t\t\t\t<li class=\"\">\n\t\t\t\t\t\t\t\t<a href=\"#OndOSdhgFqo\" class=\"yotu-video\" data-videoid=\"OndOSdhgFqo\" data-title=\"Potenciais e Sentimentos\" title=\"Potenciais e Sentimentos\">\n\t\t\t\t\t<div class=\"yotu-video-thumb-wrp\">\n\t\t\t\t\t\t<div>\n\t\t\t\t\t\t\t\t\t\t\t\t\t\t<img decoding=\"async\" class=\"yotu-video-thumb\" src=\"https:\/\/i.ytimg.com\/vi\/OndOSdhgFqo\/sddefault.jpg\" alt=\"Potenciais e Sentimentos\">\t\n\t\t\t\t\t\t\t\t\t\t\t\t\t<\/div>\n\t\t\t\t\t<\/div>\n\t\t\t\t\t\t\t\t\t\t\t<h3 class=\"yotu-video-title\">Potenciais e Sentimentos<\/h3>\n\t\t\t\t\t\t\t\t\t\t\t\t\t\t\t\t\t\t\t\t\t<div class=\"yotu-video-description\">Voc\u00ea sabe diferenciar o que s\u00e3o potenciais de vida e o que de fato s\u00e3o seus sentimentos?<br \/>\n<br \/>\nFazemos sempre uma grande confus\u00e3o sobre isso, principalmente levando em conta as cren\u00e7as limitantes, e dificuldades que temos de lidar com aquilo que consideramos sentimentos \"bom em n\u00f3s\" e \"mau em n\u00f3s\".<br \/>\n<br \/>\nEsta confus\u00e3o acontece porque confundimos os Potenciais com os Sentimentos. Todos n\u00f3s nascemos, com os seguintes Potenciais para desenvolver a vida: Amor, Raiva, Medo, Preocupa\u00e7\u00e3o, Tristeza e Alegria. <br \/>\n<br \/>\nE, todos estes potenciais geram sentimentos positivos e negativos na nossa vida. Todos, sem exce\u00e7\u00e3o tem seu lado belo e seu lado sombra.<br \/>\n<br \/>\nVoc\u00ea consegue olhar para os sentimentos negativos que v\u00eam dos seus potenciais?<br \/>\n<br \/>\nhttps:\/\/www.vaniacandelot.com.br<\/div>\n\t\t\t\t\t\t\t\t\t<\/a>\n\t\t\t\t\t\t\t<\/li>\n\t\t\t\t\n\t\t\t\t\t\t<li class=\"\">\n\t\t\t\t\t\t\t\t<a href=\"#4Opu2oNETvw\" class=\"yotu-video\" data-videoid=\"4Opu2oNETvw\" data-title=\"Movimento Interrompido em dire\u00e7\u00e3o \u00e0 M\u00e3e\" title=\"Movimento Interrompido em dire\u00e7\u00e3o \u00e0 M\u00e3e\">\n\t\t\t\t\t<div class=\"yotu-video-thumb-wrp\">\n\t\t\t\t\t\t<div>\n\t\t\t\t\t\t\t\t\t\t\t\t\t\t<img decoding=\"async\" class=\"yotu-video-thumb\" src=\"https:\/\/i.ytimg.com\/vi\/4Opu2oNETvw\/sddefault.jpg\" alt=\"Movimento Interrompido em dire\u00e7\u00e3o \u00e0 M\u00e3e\">\t\n\t\t\t\t\t\t\t\t\t\t\t\t\t<\/div>\n\t\t\t\t\t<\/div>\n\t\t\t\t\t\t\t\t\t\t\t<h3 class=\"yotu-video-title\">Movimento Interrompido em dire\u00e7\u00e3o \u00e0 M\u00e3e<\/h3>\n\t\t\t\t\t\t\t\t\t\t\t\t\t\t\t\t\t\t\t\t\t<div class=\"yotu-video-description\">Um movimento importante na Constela\u00e7\u00e3o Familiar \u00e9 o Amor Interrompido em dire\u00e7\u00e3o \u00e0 m\u00e3e.<br \/>\nTrata-se de uma das dores mais profundas que nossa crian\u00e7a ferida t\u00eam e tamb\u00e9m a mais dif\u00edcil de ser tratada.<br \/>\nVoc\u00ea tem algum movimento interrompido em rela\u00e7\u00e3o \u00e0 sua m\u00e3e?<br \/>\n<br \/>\nhttps:\/\/www.vaniacandelot.com.br<br \/>\nSiga no Instagram:  @vaniacandelotterapeuta<\/div>\n\t\t\t\t\t\t\t\t\t<\/a>\n\t\t\t\t\t\t\t<\/li>\n\t\t\t\t\n\t\t\t\t\t\t<li class=\"\">\n\t\t\t\t\t\t\t\t<a href=\"#P4g_rVBIt3Q\" class=\"yotu-video\" data-videoid=\"P4g_rVBIt3Q\" data-title=\"Sua m\u00e3e e sua vida.\" title=\"Sua m\u00e3e e sua vida.\">\n\t\t\t\t\t<div class=\"yotu-video-thumb-wrp\">\n\t\t\t\t\t\t<div>\n\t\t\t\t\t\t\t\t\t\t\t\t\t\t<img decoding=\"async\" class=\"yotu-video-thumb\" src=\"https:\/\/i.ytimg.com\/vi\/P4g_rVBIt3Q\/sddefault.jpg\" alt=\"Sua m\u00e3e e sua vida.\">\t\n\t\t\t\t\t\t\t\t\t\t\t\t\t<\/div>\n\t\t\t\t\t<\/div>\n\t\t\t\t\t\t\t\t\t\t\t<h3 class=\"yotu-video-title\">Sua m\u00e3e e sua vida.<\/h3>\n\t\t\t\t\t\t\t\t\t\t\t\t\t\t\t\t\t\t\t\t\t<div class=\"yotu-video-description\">Ol\u00e1 pessoal, espero que gostem do v\u00eddeo. Qualquer d\u00favida espero voc\u00eas nos coment\u00e1rios.<\/div>\n\t\t\t\t\t\t\t\t\t<\/a>\n\t\t\t\t\t\t\t<\/li>\n\t\t\t\t\n\t\t\t\t\t\t<li class=\"\">\n\t\t\t\t\t\t\t\t<a href=\"#2YiMqQmn21I\" class=\"yotu-video\" data-videoid=\"2YiMqQmn21I\" data-title=\"Lei do Equil\u00edbrio\" title=\"Lei do Equil\u00edbrio\">\n\t\t\t\t\t<div class=\"yotu-video-thumb-wrp\">\n\t\t\t\t\t\t<div>\n\t\t\t\t\t\t\t\t\t\t\t\t\t\t<img decoding=\"async\" class=\"yotu-video-thumb\" src=\"https:\/\/i.ytimg.com\/vi\/2YiMqQmn21I\/sddefault.jpg\" alt=\"Lei do Equil\u00edbrio\">\t\n\t\t\t\t\t\t\t\t\t\t\t\t\t<\/div>\n\t\t\t\t\t<\/div>\n\t\t\t\t\t\t\t\t\t\t\t<h3 class=\"yotu-video-title\">Lei do Equil\u00edbrio<\/h3>\n\t\t\t\t\t\t\t\t\t\t\t\t\t\t\t\t\t\t\t\t\t<div class=\"yotu-video-description\">Os relacionamentos s\u00e3o baseados em equil\u00edbrio entre as partes, que \u00e9 gerado pela din\u00e2mica do \u201cdar e receber\u201d, uma das Leis do Amor de Bert Hellinger disseminada com as Constela\u00e7\u00f5es Familiares.  <br \/>\n<br \/>\nJoan Garriga usa a express\u00e3o \u201cdar e tomar\u201d, dando um car\u00e1ter mais ativo para a pessoa que recebe. \u00c9 necess\u00e1rio tomar o que \u00e9 dado, de forma consciente, e n\u00e3o apenas receber de forma passiva o que \u00e9 oferecido.  <br \/>\n<br \/>\nUma din\u00e2mica simples que esconde um equil\u00edbrio delicado. D\u00ea ao outro o que voc\u00ea pode dar, e o outro, toma de voc\u00ea aquilo que foi dado e te oferece, dentro de suas possibilidades, algo em troca. Somente dessa forma n\u00e3o fica uma \u201cd\u00edvida\u201d pelo que foi recebido. <br \/>\n<br \/>\nSimples assim n\u00e3o \u00e9?  <br \/>\n<br \/>\nMas, nossa hist\u00f3ria de vida, cheia de feridas a serem curadas, se junta a hist\u00f3ria do outro, com igual desarmonia. O resultado \u00e9 que muitas vezes oferecemos mais do que podemos dar, ou do que seria justo e saud\u00e1vel..  <br \/>\n<br \/>\nE voc\u00ea?  <br \/>\n<br \/>\nComo anda o equil\u00edbrio das a\u00e7\u00f5es em sua rela\u00e7\u00e3o?<\/div>\n\t\t\t\t\t\t\t\t\t<\/a>\n\t\t\t\t\t\t\t<\/li>\n\t\t\t\t\n\t\t\t\t\t\t<li class=\"\">\n\t\t\t\t\t\t\t\t<a href=\"#6YGThjY4gBA\" class=\"yotu-video\" data-videoid=\"6YGThjY4gBA\" data-title=\"Lei do Pertencimento\" title=\"Lei do Pertencimento\">\n\t\t\t\t\t<div class=\"yotu-video-thumb-wrp\">\n\t\t\t\t\t\t<div>\n\t\t\t\t\t\t\t\t\t\t\t\t\t\t<img decoding=\"async\" class=\"yotu-video-thumb\" src=\"https:\/\/i.ytimg.com\/vi\/6YGThjY4gBA\/sddefault.jpg\" alt=\"Lei do Pertencimento\">\t\n\t\t\t\t\t\t\t\t\t\t\t\t\t<\/div>\n\t\t\t\t\t<\/div>\n\t\t\t\t\t\t\t\t\t\t\t<h3 class=\"yotu-video-title\">Lei do Pertencimento<\/h3>\n\t\t\t\t\t\t\t\t\t\t\t\t\t\t\t\t\t\t\t\t\t<div class=\"yotu-video-description\">Quem Pertence ao nosso Sistema Familiar?<br \/>\nF\u00e1cil responder est\u00e1 pergunta, certo?<br \/>\n<br \/>\nTodos ligados a n\u00f3s por la\u00e7os de sangue.<br \/>\n<br \/>\nSim e N\u00e3o.<br \/>\n<br \/>\nPertence ao nosso Sistema Familiar todas as pessoas ligadas a n\u00f3s por la\u00e7os de sangue, mas tamb\u00e9m, passam a pertencer ao nosso Sistema pessoas que se vinculam a n\u00f3s por outros la\u00e7os:<br \/>\n<br \/>\nLa\u00e7os de Relacionamentos Afetivos: parceiros atuais e anteriores, onde houve consuma\u00e7\u00e3o sexual, onde foram concebidos filhos, que sobreviveram ou n\u00e3o; promessas de casamento e amor eterno que n\u00e3o foram cumpridas, etc...<br \/>\nLa\u00e7os de Destinos: pessoas que contribu\u00edram de forma positiva para o bem da fam\u00edlia, exemplo: heran\u00e7as inesperadas, empregos bem sucedidos, doa\u00e7\u00f5es, etc..., ou contribu\u00edram de forma negativa: lesa a fam\u00edlia financeiramente, abusa de algum membro, etc.... Dessa forma, todos precisam de um lugar respeitoso em nosso sistema.<\/div>\n\t\t\t\t\t\t\t\t\t<\/a>\n\t\t\t\t\t\t\t<\/li>\n\t\t\t\t\n\t\t\t\t\t\t<li class=\"\">\n\t\t\t\t\t\t\t\t<a href=\"#KraO5p-fNug\" class=\"yotu-video\" data-videoid=\"KraO5p-fNug\" data-title=\"Constela\u00e7\u00e3o e Sistema de Origem\" title=\"Constela\u00e7\u00e3o e Sistema de Origem\">\n\t\t\t\t\t<div class=\"yotu-video-thumb-wrp\">\n\t\t\t\t\t\t<div>\n\t\t\t\t\t\t\t\t\t\t\t\t\t\t<img decoding=\"async\" class=\"yotu-video-thumb\" src=\"https:\/\/i.ytimg.com\/vi\/KraO5p-fNug\/sddefault.jpg\" alt=\"Constela\u00e7\u00e3o e Sistema de Origem\">\t\n\t\t\t\t\t\t\t\t\t\t\t\t\t<\/div>\n\t\t\t\t\t<\/div>\n\t\t\t\t\t\t\t\t\t\t\t<h3 class=\"yotu-video-title\">Constela\u00e7\u00e3o e Sistema de Origem<\/h3>\n\t\t\t\t\t\t\t\t\t\t\t\t\t\t\t\t\t\t\t\t\t<div class=\"yotu-video-description\">Ol\u00e1 pessoal hoje o v\u00eddeo \u00e9 sobre um assunto que eu adoro: Constela\u00e7\u00e3o e Sistema de Origem. <br \/>\nObrigada por me acompanharem nessa jornada.<\/div>\n\t\t\t\t\t\t\t\t\t<\/a>\n\t\t\t\t\t\t\t<\/li>\n\t\t\t\t\n\t\t\t\t\t\t<li class=\" yotu-last\">\n\t\t\t\t\t\t\t\t<a href=\"#1FvnGinPP4E\" class=\"yotu-video\" data-videoid=\"1FvnGinPP4E\" data-title=\"Copos Sist\u00eamicos\" title=\"Copos Sist\u00eamicos\">\n\t\t\t\t\t<div class=\"yotu-video-thumb-wrp\">\n\t\t\t\t\t\t<div>\n\t\t\t\t\t\t\t\t\t\t\t\t\t\t<img decoding=\"async\" class=\"yotu-video-thumb\" src=\"https:\/\/i.ytimg.com\/vi\/1FvnGinPP4E\/sddefault.jpg\" alt=\"Copos Sist\u00eamicos\">\t\n\t\t\t\t\t\t\t\t\t\t\t\t\t<\/div>\n\t\t\t\t\t<\/div>\n\t\t\t\t\t\t\t\t\t\t\t<h3 class=\"yotu-video-title\">Copos Sist\u00eamicos<\/h3>\n\t\t\t\t\t\t\t\t\t\t\t\t\t\t\t\t\t\t\t\t\t<div class=\"yotu-video-description\">Ol\u00e1 meu nome \u00e9 V\u00e2nia Candelot, sou Consteladora Familiar e Sist\u00eamica, Consteladora Gemelar e terapeuta qu\u00e2ntica.<br \/>\n<br \/>\nEste canal tem como prop\u00f3sito o desenvolvimento pessoal e para mim o pensamento sist\u00eamico \u00e9 um dos caminhos mais libertadores que podemos trilhar quando realmente queremos entender sobre consci\u00eancias e modificar o fluxo de nossas vidas.<br \/>\n<br \/>\nE acredito que quanto mais pessoas conhecerem o Pensamento Sist\u00eamico e a Constela\u00e7\u00e3o Familiar mais o mundo que vivemos ser\u00e1 mais f\u00e1cil de ser vivido, teremos mais qualidade de vida, mais respeito pelo outro e por n\u00f3s mesmos ... enfim um caminho para um mundo melhor.<br \/>\n<br \/>\nUma das coisas mais importante da metodologia das Constela\u00e7\u00f5es familiares \u00e9 o \"N\u00c3O JULGAMENTO\" e para vcs entenderem isso muito bem vou fazer uma demonstra\u00e7\u00e3o simples do significado do julgamento nas nossas vidas.<br \/>\n<br \/>\nNosso primeiro relacionamento s\u00e3o com os nossos pais e n\u00e3o importa quem eles s\u00e3o ou como s\u00e3o, o que fizeram ou fazem, porque a nossa ess\u00eancia vem deles.<\/div>\n\t\t\t\t\t\t\t\t\t<\/a>\n\t\t\t\t\t\t\t<\/li>\n\t\t\t\t\n\t\t\t\t<\/ul>\n<\/div><div class=\"yotu-pagination\">\n\t<a href=\"#\" class=\"yotu-pagination-more yotu-button-prs yotu-button-prs-1\" data-page=\"more\">Load more<\/a>\n<\/div>\n\t\t\t\t<\/div>\n\t\t\t<\/div>\n\t\t\t<\/div>\n\t\t\t\t<\/div>\n\t\t\t\t<\/div>\n\t\t\t\t\t\t<\/div>\n\t\t\t\t\t<\/div>\n\t\t<\/div>\n\t\t\t\t\t\t\t\t<\/div>\n\t\t\t\t\t<\/div>\n\t\t<\/section>\n\t\t\t\t\t\t<\/div>\n\t\t\t\t\t\t<\/div>\n\t\t\t\t\t<\/div>\n\t\t","protected":false},"excerpt":{"rendered":"","protected":false},"author":1,"featured_media":0,"parent":0,"menu_order":0,"comment_status":"closed","ping_status":"closed","template":"","meta":[],"_links":{"self":[{"href":"https:\/\/vaniacandelot.com.br\/portal\/wp-json\/wp\/v2\/pages\/149"}],"collection":[{"href":"https:\/\/vaniacandelot.com.br\/portal\/wp-json\/wp\/v2\/pages"}],"about":[{"href":"https:\/\/vaniacandelot.com.br\/portal\/wp-json\/wp\/v2\/types\/page"}],"author":[{"embeddable":true,"href":"https:\/\/vaniacandelot.com.br\/portal\/wp-json\/wp\/v2\/users\/1"}],"replies":[{"embeddable":true,"href":"https:\/\/vaniacandelot.com.br\/portal\/wp-json\/wp\/v2\/comments?post=149"}],"version-history":[{"count":10,"href":"https:\/\/vaniacandelot.com.br\/portal\/wp-json\/wp\/v2\/pages\/149\/revisions"}],"predecessor-version":[{"id":1632,"href":"https:\/\/vaniacandelot.com.br\/portal\/wp-json\/wp\/v2\/pages\/149\/revisions\/1632"}],"wp:attachment":[{"href":"https:\/\/vaniacandelot.com.br\/portal\/wp-json\/wp\/v2\/media?parent=149"}],"curies":[{"name":"wp","href":"https:\/\/api.w.org\/{rel}","templated":true}]}}