{"id":143,"date":"2021-05-20T07:57:59","date_gmt":"2021-05-20T10:57:59","guid":{"rendered":"https:\/\/vaniacandelot.com.br\/portal\/?page_id=143"},"modified":"2021-08-26T21:10:14","modified_gmt":"2021-08-27T00:10:14","slug":"quem-sou","status":"publish","type":"page","link":"https:\/\/vaniacandelot.com.br\/portal\/quem-sou\/","title":{"rendered":"Quem Sou"},"content":{"rendered":"\t\t<div data-elementor-type=\"wp-page\" data-elementor-id=\"143\" class=\"elementor elementor-143\" data-elementor-settings=\"[]\">\n\t\t\t\t\t\t<div class=\"elementor-inner\">\n\t\t\t\t\t\t\t<div class=\"elementor-section-wrap\">\n\t\t\t\t\t\t\t<section class=\"elementor-section elementor-top-section elementor-element elementor-element-41d4187 elementor-section-boxed elementor-section-height-default elementor-section-height-default\" data-id=\"41d4187\" data-element_type=\"section\">\n\t\t\t\t\t\t<div class=\"elementor-container elementor-column-gap-default\">\n\t\t\t\t\t\t\t<div class=\"elementor-row\">\n\t\t\t\t\t<div class=\"elementor-column elementor-col-100 elementor-top-column elementor-element elementor-element-ceda260\" data-id=\"ceda260\" data-element_type=\"column\">\n\t\t\t<div class=\"elementor-column-wrap elementor-element-populated\">\n\t\t\t\t\t\t\t<div class=\"elementor-widget-wrap\">\n\t\t\t\t\t\t<div class=\"elementor-element elementor-element-9adcca2 elementor-widget elementor-widget-text-editor\" data-id=\"9adcca2\" data-element_type=\"widget\" data-widget_type=\"text-editor.default\">\n\t\t\t\t<div class=\"elementor-widget-container\">\n\t\t\t\t\t\t\t\t<div class=\"elementor-text-editor elementor-clearfix\">\n\t\t\t\t<p><img decoding=\"async\" loading=\"lazy\" class=\"wp-image-964 alignleft\" src=\"https:\/\/vaniacandelot.com.br\/portal\/wp-content\/uploads\/2021\/07\/vania-candelot-quem-sou-300x196.jpg\" alt=\"\" width=\"400\" height=\"262\" srcset=\"https:\/\/vaniacandelot.com.br\/portal\/wp-content\/uploads\/2021\/07\/vania-candelot-quem-sou-300x196.jpg 300w, https:\/\/vaniacandelot.com.br\/portal\/wp-content\/uploads\/2021\/07\/vania-candelot-quem-sou-768x503.jpg 768w, https:\/\/vaniacandelot.com.br\/portal\/wp-content\/uploads\/2021\/07\/vania-candelot-quem-sou.jpg 799w\" sizes=\"(max-width: 400px) 100vw, 400px\" \/><\/p><p>Meu nome \u00e9 V\u00e2nia Candelot<\/p><p>Sou Consteladora Familiar e Sist\u00eamica, formada em t\u00e9cnica das Constela\u00e7\u00f5es Familiares e Pensamento Sist\u00eamico, nos moldes criados por Bert Hellinger com Claudiane Tavares, em Tra\u00e7os de Car\u00e1ter com Fernando Freitas e em Constela\u00e7\u00e3o Gemelar do M\u00e9todo Freni, com a Dra. Graziella Freni.<\/p><p>Sou ainda Terapeuta NES Health e Facilitadora PSYCH-K\u00ae b\u00e1sico e avan\u00e7ado.\u00a0Tenho conhecimento de F\u00edsica Qu\u00e2ntica, adquirido em mais de 25 anos, e experi\u00eancia com t\u00e9cnicas complementares variadas: Homeostase Qu\u00e2ntica e ATPP, EFT (T\u00e9cnica de Libera\u00e7\u00e3o Emocional), EMDR (Eye Movement. Desensitization and Reprocessing), Magnified Healing, Equil\u00edbrio de Prefer\u00eancias de Linguagens &#8211; Rapport.<\/p><p><strong>Alguns detalhes do meu percurso de vida e profissional:<\/strong><\/p><p>Tenho como projeto de vida facilitar processos para tornar pessoas e seus sistemas familiares mais saud\u00e1veis.<\/p><p>Nasci em Uberl\u00e2ndia\/MG, onde tamb\u00e9m fui criada. Morava bem perto de av\u00f3s paternos, rodeada de primos, tios e bisav\u00f3s italianos.<\/p><p>Hoje, sou filha, irm\u00e3, esposa e m\u00e3e. Tenho dois filhos.<\/p><p>Sou historiadora, formada pela Universidade Federal de Uberl\u00e2ndia\/MG e especializada em Imagin\u00e1rio Social.<\/p><p>Saindo da Faculdade, administrei o Museu Municipal de Uberl\u00e2ndia por dez anos. Tamb\u00e9m fui pesquisadora da Institui\u00e7\u00e3o. Minha \u00e1rea de atua\u00e7\u00e3o sempre foi o Imagin\u00e1rio Social e a forma de apropria\u00e7\u00e3o do homem pelo conhecimento, seu desenvolvimento, seu fazer e modo de vida.<\/p><p>A curiosidade sobre o desenvolvimento humano me levou, h\u00e1 mais de 25 anos, a iniciar estudos sobre os princ\u00edpios b\u00e1sicos que regem a F\u00edsica Qu\u00e2ntica e sobre como poderia utiliz\u00e1-los para modificar a minha vida &#8211; principalmente em termos de sa\u00fade f\u00edsica e financeira.<\/p><p>O caminho trilhado me levou at\u00e9 as terapias qu\u00e2nticas \u2013 EFT, Sistema ATPP, Homeostase Qu\u00e2ntica, Ho\u2019oponopono. Com os resultados aparecendo, fui me apaixonando pelo tema e aprofundando os meus conhecimentos.<\/p><p>Em 2012-2013, iniciei os primeiros passos de terapeuta, com a forma\u00e7\u00e3o em Psych-K B\u00e1sico e Avan\u00e7ado. Em 2014, fiz a forma\u00e7\u00e3o NES Health.<\/p><p>Entre, 2016-2018, fiz a forma\u00e7\u00e3o em Constela\u00e7\u00e3o Familiar, com Claudiane Tavares. Durante esta forma\u00e7\u00e3o , estudei com professores de alto n\u00edvel, como Luciano J. P. Alves, Tadeu Ohl. Concomitantemente, entre 2017 e 2018, continuei estudando com os mais renomados professores da \u00e1rea, atrav\u00e9s de m\u00f3dulos e workshops com Ren\u00e9 Schubert, Alex Possato, Stefan Hausner.<\/p><p><strong>No per\u00edodo de 2019-2020, iniciei um projeto piloto como instrutora da I Turma de Forma\u00e7\u00e3o em Constela\u00e7\u00e3o Familiar e Sist\u00eamica de Catal\u00e3o.<\/strong><\/p><p>Neste tipo de trabalho n\u00e3o temos como parar o nosso desenvolvimento pessoal, e\u00a0 por isso continuei me aprofundando no conhecimento das Constela\u00e7\u00f5es em 2019, com Irin\u00e9ia Meira, Ren\u00e9 Schubert e Joan Garriga,<\/p><p>Em, 2020, fiz a forma\u00e7\u00e3o de Tra\u00e7os de Car\u00e1ter com Fernando Freitas, denominada Corpo com Ci\u00eancia. Atualmente, em\u00a0 2021, a forma\u00e7\u00e3o em Constela\u00e7\u00e3o Gemelar do M\u00e9todo Freni, com a Dra. Graziella Freni.<\/p><p>Nas terapias, de algum tempo para c\u00e1, tenho estado mais focada no desenvolvimento de trabalhos atrav\u00e9s dos princ\u00edpios sist\u00eamicos \u2013 Oficinas, workshops e constela\u00e7\u00f5es &#8211; baseados em Bert Hellinger. Continuo atuando como facilitadora Nes Health e Psych-K, pois entendo que estas terapias s\u00e3o fundamentais para auxiliar e complementar os processos dos meus clientes.<\/p>\t\t\t\t\t<\/div>\n\t\t\t\t\t\t<\/div>\n\t\t\t\t<\/div>\n\t\t\t\t\t\t<\/div>\n\t\t\t\t\t<\/div>\n\t\t<\/div>\n\t\t\t\t\t\t\t\t<\/div>\n\t\t\t\t\t<\/div>\n\t\t<\/section>\n\t\t\t\t\t\t<\/div>\n\t\t\t\t\t\t<\/div>\n\t\t\t\t\t<\/div>\n\t\t","protected":false},"excerpt":{"rendered":"<p>Meu nome \u00e9 V\u00e2nia Candelot Sou Consteladora Familiar e Sist\u00eamica, formada em t\u00e9cnica das Constela\u00e7\u00f5es Familiares e Pensamento Sist\u00eamico, nos moldes criados por Bert Hellinger com Claudiane Tavares, em Tra\u00e7os de Car\u00e1ter com Fernando Freitas e em Constela\u00e7\u00e3o Gemelar do M\u00e9todo Freni, com a Dra. Graziella Freni. Sou ainda Terapeuta NES Health e Facilitadora PSYCH-K\u00ae &#8230; <a title=\"Quem Sou\" class=\"read-more\" href=\"https:\/\/vaniacandelot.com.br\/portal\/quem-sou\/\">Ler mais <span class=\"screen-reader-text\">Quem Sou<\/span><\/a><\/p>\n","protected":false},"author":1,"featured_media":0,"parent":0,"menu_order":0,"comment_status":"closed","ping_status":"closed","template":"","meta":[],"_links":{"self":[{"href":"https:\/\/vaniacandelot.com.br\/portal\/wp-json\/wp\/v2\/pages\/143"}],"collection":[{"href":"https:\/\/vaniacandelot.com.br\/portal\/wp-json\/wp\/v2\/pages"}],"about":[{"href":"https:\/\/vaniacandelot.com.br\/portal\/wp-json\/wp\/v2\/types\/page"}],"author":[{"embeddable":true,"href":"https:\/\/vaniacandelot.com.br\/portal\/wp-json\/wp\/v2\/users\/1"}],"replies":[{"embeddable":true,"href":"https:\/\/vaniacandelot.com.br\/portal\/wp-json\/wp\/v2\/comments?post=143"}],"version-history":[{"count":34,"href":"https:\/\/vaniacandelot.com.br\/portal\/wp-json\/wp\/v2\/pages\/143\/revisions"}],"predecessor-version":[{"id":1554,"href":"https:\/\/vaniacandelot.com.br\/portal\/wp-json\/wp\/v2\/pages\/143\/revisions\/1554"}],"wp:attachment":[{"href":"https:\/\/vaniacandelot.com.br\/portal\/wp-json\/wp\/v2\/media?parent=143"}],"curies":[{"name":"wp","href":"https:\/\/api.w.org\/{rel}","templated":true}]}}