{"id":1033,"date":"2021-08-13T23:58:12","date_gmt":"2021-08-14T02:58:12","guid":{"rendered":"https:\/\/vaniacandelot.com.br\/portal\/?page_id=1033"},"modified":"2021-08-25T22:23:32","modified_gmt":"2021-08-26T01:23:32","slug":"terapia-tok-sen","status":"publish","type":"page","link":"https:\/\/vaniacandelot.com.br\/portal\/terapia-tok-sen\/","title":{"rendered":"Terapia Tok Sen"},"content":{"rendered":"\t\t<div data-elementor-type=\"wp-page\" data-elementor-id=\"1033\" class=\"elementor elementor-1033\" data-elementor-settings=\"[]\">\n\t\t\t\t\t\t<div class=\"elementor-inner\">\n\t\t\t\t\t\t\t<div class=\"elementor-section-wrap\">\n\t\t\t\t\t\t\t<section class=\"elementor-section elementor-top-section elementor-element elementor-element-b41ac60 elementor-section-boxed elementor-section-height-default elementor-section-height-default\" data-id=\"b41ac60\" data-element_type=\"section\">\n\t\t\t\t\t\t<div class=\"elementor-container elementor-column-gap-default\">\n\t\t\t\t\t\t\t<div class=\"elementor-row\">\n\t\t\t\t\t<div class=\"elementor-column elementor-col-100 elementor-top-column elementor-element elementor-element-23de1d2\" data-id=\"23de1d2\" data-element_type=\"column\">\n\t\t\t<div class=\"elementor-column-wrap elementor-element-populated\">\n\t\t\t\t\t\t\t<div class=\"elementor-widget-wrap\">\n\t\t\t\t\t\t<div class=\"elementor-element elementor-element-bd1c025 elementor-widget elementor-widget-text-editor\" data-id=\"bd1c025\" data-element_type=\"widget\" data-widget_type=\"text-editor.default\">\n\t\t\t\t<div class=\"elementor-widget-container\">\n\t\t\t\t\t\t\t\t<div class=\"elementor-text-editor elementor-clearfix\">\n\t\t\t\t<p>Massagem terap\u00eautica que proporciona relaxamento profundo, e retira dores corporais ao acordar as linhas dos meridianos fazendo a energia fluir livremente.<\/p>\t\t\t\t\t<\/div>\n\t\t\t\t\t\t<\/div>\n\t\t\t\t<\/div>\n\t\t\t\t\t\t<\/div>\n\t\t\t\t\t<\/div>\n\t\t<\/div>\n\t\t\t\t\t\t\t\t<\/div>\n\t\t\t\t\t<\/div>\n\t\t<\/section>\n\t\t\t\t<section class=\"elementor-section elementor-top-section elementor-element elementor-element-b9ff464 elementor-section-boxed elementor-section-height-default elementor-section-height-default\" data-id=\"b9ff464\" data-element_type=\"section\">\n\t\t\t\t\t\t<div class=\"elementor-container elementor-column-gap-default\">\n\t\t\t\t\t\t\t<div class=\"elementor-row\">\n\t\t\t\t\t<div class=\"elementor-column elementor-col-50 elementor-top-column elementor-element elementor-element-b13d3b6\" data-id=\"b13d3b6\" data-element_type=\"column\">\n\t\t\t<div class=\"elementor-column-wrap elementor-element-populated\">\n\t\t\t\t\t\t\t<div class=\"elementor-widget-wrap\">\n\t\t\t\t\t\t<div class=\"elementor-element elementor-element-363a86c elementor-widget elementor-widget-image\" data-id=\"363a86c\" data-element_type=\"widget\" data-widget_type=\"image.default\">\n\t\t\t\t<div class=\"elementor-widget-container\">\n\t\t\t\t\t\t\t\t<div class=\"elementor-image\">\n\t\t\t\t\t\t\t\t\t\t\t\t<img decoding=\"async\" width=\"700\" height=\"465\" src=\"https:\/\/vaniacandelot.com.br\/portal\/wp-content\/uploads\/2021\/08\/tok-sen-3.jpg\" class=\"attachment-full size-full\" alt=\"\" loading=\"lazy\" \/>\t\t\t\t\t\t\t\t\t\t\t\t\t\t<\/div>\n\t\t\t\t\t\t<\/div>\n\t\t\t\t<\/div>\n\t\t\t\t\t\t<\/div>\n\t\t\t\t\t<\/div>\n\t\t<\/div>\n\t\t\t\t<div class=\"elementor-column elementor-col-50 elementor-top-column elementor-element elementor-element-b38baf7\" data-id=\"b38baf7\" data-element_type=\"column\">\n\t\t\t<div class=\"elementor-column-wrap elementor-element-populated\">\n\t\t\t\t\t\t\t<div class=\"elementor-widget-wrap\">\n\t\t\t\t\t\t<div class=\"elementor-element elementor-element-076bb8d elementor-widget elementor-widget-text-editor\" data-id=\"076bb8d\" data-element_type=\"widget\" data-widget_type=\"text-editor.default\">\n\t\t\t\t<div class=\"elementor-widget-container\">\n\t\t\t\t\t\t\t\t<div class=\"elementor-text-editor elementor-clearfix\">\n\t\t\t\t<p>Terapia presencial que utiliza batidas e marteladas. A tradu\u00e7\u00e3o de Tok Sen para Portugu\u00eas seria \u201cmartelar linhas\u201d ou \u201cacordar linhas&#8221;.<\/p>\t\t\t\t\t<\/div>\n\t\t\t\t\t\t<\/div>\n\t\t\t\t<\/div>\n\t\t\t\t\t\t<\/div>\n\t\t\t\t\t<\/div>\n\t\t<\/div>\n\t\t\t\t\t\t\t\t<\/div>\n\t\t\t\t\t<\/div>\n\t\t<\/section>\n\t\t\t\t<section class=\"elementor-section elementor-top-section elementor-element elementor-element-d1816ba elementor-section-boxed elementor-section-height-default elementor-section-height-default\" data-id=\"d1816ba\" data-element_type=\"section\">\n\t\t\t\t\t\t<div class=\"elementor-container elementor-column-gap-default\">\n\t\t\t\t\t\t\t<div class=\"elementor-row\">\n\t\t\t\t\t<div class=\"elementor-column elementor-col-100 elementor-top-column elementor-element elementor-element-b76df61\" data-id=\"b76df61\" data-element_type=\"column\">\n\t\t\t<div class=\"elementor-column-wrap elementor-element-populated\">\n\t\t\t\t\t\t\t<div class=\"elementor-widget-wrap\">\n\t\t\t\t\t\t<div class=\"elementor-element elementor-element-6b0e8a1 elementor-widget elementor-widget-text-editor\" data-id=\"6b0e8a1\" data-element_type=\"widget\" data-widget_type=\"text-editor.default\">\n\t\t\t\t<div class=\"elementor-widget-container\">\n\t\t\t\t\t\t\t\t<div class=\"elementor-text-editor elementor-clearfix\">\n\t\t\t\t<p>O processo de tratamento se inicia com uma limpeza nas linhas ou canais profundos, do corpo que s\u00e3o alcan\u00e7ados pela vibra\u00e7\u00e3o da \u00e1gua corporal, no intuito de abrir o fluxo de energia estagnado.<\/p><p>Quando um \u00f3rg\u00e3o ou partes do corpo se encontram em desequil\u00edbrio ou com dores, a energia estagnada precisa ser desobstru\u00edda.<\/p><p>O m\u00e9todo TOK SEN propicia condi\u00e7\u00f5es de atingir n\u00edveis profundos do corpo ao acessar o local causador da dor ou enfermidade, com &#8220;marteladas r\u00edtmicas&#8221;, e assim, liberar o fluxo de energia e restabelecer o processo de cura, atrav\u00e9s da vibra\u00e7\u00e3o, sonoriza\u00e7\u00e3o e reverbera\u00e7\u00e3o das ferramentas utilizadas.<\/p><p><strong>Por que fazer Tok Sen?<\/strong><\/p><p>Auxilia no tratamento de v\u00e1rias doen\u00e7as e s\u00edndromes.<\/p><p>Previne e impede o processo de adoecimento, ao liberar o fluxo de energia dos canais do corpo se for realizada regularmente ou mensalmente, de acordo com cada caso espec\u00edfico.<\/p><p><strong>Indica\u00e7\u00f5es Tok Sen de tratamento:<\/strong><\/p><ul><li><strong>dores f\u00edsicas (enxaquecas, cef\u00e1leias, c\u00f3licas menstruais, dores da coluna, dores musculares e reum\u00e1ticas)<\/strong><\/li><li><strong>artroses<\/strong><\/li><li><strong>doen\u00e7as cr\u00f4nicas e fibromialgia<\/strong><\/li><li><strong>ins\u00f4nia, ansiedade e depress\u00e3o<\/strong><\/li><\/ul>\t\t\t\t\t<\/div>\n\t\t\t\t\t\t<\/div>\n\t\t\t\t<\/div>\n\t\t\t\t\t\t<\/div>\n\t\t\t\t\t<\/div>\n\t\t<\/div>\n\t\t\t\t\t\t\t\t<\/div>\n\t\t\t\t\t<\/div>\n\t\t<\/section>\n\t\t\t\t<section class=\"elementor-section elementor-top-section elementor-element elementor-element-58a5841 elementor-section-boxed elementor-section-height-default elementor-section-height-default\" data-id=\"58a5841\" data-element_type=\"section\">\n\t\t\t\t\t\t<div class=\"elementor-container elementor-column-gap-default\">\n\t\t\t\t\t\t\t<div class=\"elementor-row\">\n\t\t\t\t\t<div class=\"elementor-column elementor-col-25 elementor-top-column elementor-element elementor-element-44ac084\" data-id=\"44ac084\" data-element_type=\"column\">\n\t\t\t<div class=\"elementor-column-wrap elementor-element-populated\">\n\t\t\t\t\t\t\t<div class=\"elementor-widget-wrap\">\n\t\t\t\t\t\t<div class=\"elementor-element elementor-element-9dcc79f elementor-widget elementor-widget-image\" data-id=\"9dcc79f\" data-element_type=\"widget\" data-widget_type=\"image.default\">\n\t\t\t\t<div class=\"elementor-widget-container\">\n\t\t\t\t\t\t\t\t<div class=\"elementor-image\">\n\t\t\t\t\t\t\t\t\t\t\t\t<img decoding=\"async\" width=\"1024\" height=\"1024\" src=\"https:\/\/vaniacandelot.com.br\/portal\/wp-content\/uploads\/2021\/08\/tok-sen-1-1024x1024.jpg\" class=\"attachment-large size-large\" alt=\"\" loading=\"lazy\" \/>\t\t\t\t\t\t\t\t\t\t\t\t\t\t<\/div>\n\t\t\t\t\t\t<\/div>\n\t\t\t\t<\/div>\n\t\t\t\t\t\t<\/div>\n\t\t\t\t\t<\/div>\n\t\t<\/div>\n\t\t\t\t<div class=\"elementor-column elementor-col-25 elementor-top-column elementor-element elementor-element-82ba77b\" data-id=\"82ba77b\" data-element_type=\"column\">\n\t\t\t<div class=\"elementor-column-wrap\">\n\t\t\t\t\t\t\t<div class=\"elementor-widget-wrap\">\n\t\t\t\t\t\t\t\t<\/div>\n\t\t\t\t\t<\/div>\n\t\t<\/div>\n\t\t\t\t<div class=\"elementor-column elementor-col-25 elementor-top-column elementor-element elementor-element-2606ca7\" data-id=\"2606ca7\" data-element_type=\"column\">\n\t\t\t<div class=\"elementor-column-wrap elementor-element-populated\">\n\t\t\t\t\t\t\t<div class=\"elementor-widget-wrap\">\n\t\t\t\t\t\t<div class=\"elementor-element elementor-element-e08ec21 elementor-widget elementor-widget-image\" data-id=\"e08ec21\" data-element_type=\"widget\" data-widget_type=\"image.default\">\n\t\t\t\t<div class=\"elementor-widget-container\">\n\t\t\t\t\t\t\t\t<div class=\"elementor-image\">\n\t\t\t\t\t\t\t\t\t\t\t\t<img decoding=\"async\" width=\"1024\" height=\"1024\" src=\"https:\/\/vaniacandelot.com.br\/portal\/wp-content\/uploads\/2021\/08\/tok-sen-2-1024x1024.jpg\" class=\"attachment-large size-large\" alt=\"\" loading=\"lazy\" \/>\t\t\t\t\t\t\t\t\t\t\t\t\t\t<\/div>\n\t\t\t\t\t\t<\/div>\n\t\t\t\t<\/div>\n\t\t\t\t<div class=\"elementor-element elementor-element-68113d1 elementor-widget elementor-widget-heading\" data-id=\"68113d1\" data-element_type=\"widget\" data-widget_type=\"heading.default\">\n\t\t\t\t<div class=\"elementor-widget-container\">\n\t\t\t<h2 class=\"elementor-heading-title elementor-size-default\">Cliente com dores na coluna (escoliose)<\/h2>\t\t<\/div>\n\t\t\t\t<\/div>\n\t\t\t\t\t\t<\/div>\n\t\t\t\t\t<\/div>\n\t\t<\/div>\n\t\t\t\t<div class=\"elementor-column elementor-col-25 elementor-top-column elementor-element elementor-element-cfbd44a\" data-id=\"cfbd44a\" data-element_type=\"column\">\n\t\t\t<div class=\"elementor-column-wrap\">\n\t\t\t\t\t\t\t<div class=\"elementor-widget-wrap\">\n\t\t\t\t\t\t\t\t<\/div>\n\t\t\t\t\t<\/div>\n\t\t<\/div>\n\t\t\t\t\t\t\t\t<\/div>\n\t\t\t\t\t<\/div>\n\t\t<\/section>\n\t\t\t\t\t\t<\/div>\n\t\t\t\t\t\t<\/div>\n\t\t\t\t\t<\/div>\n\t\t","protected":false},"excerpt":{"rendered":"<p>Massagem terap\u00eautica que proporciona relaxamento profundo, e retira dores corporais ao acordar as linhas dos meridianos fazendo a energia fluir livremente. Terapia presencial que utiliza batidas e marteladas. A tradu\u00e7\u00e3o de Tok Sen para Portugu\u00eas seria \u201cmartelar linhas\u201d ou \u201cacordar linhas&#8221;. O processo de tratamento se inicia com uma limpeza nas linhas ou canais profundos, &#8230; <a title=\"Terapia Tok Sen\" class=\"read-more\" href=\"https:\/\/vaniacandelot.com.br\/portal\/terapia-tok-sen\/\">Ler mais <span class=\"screen-reader-text\">Terapia Tok Sen<\/span><\/a><\/p>\n","protected":false},"author":1,"featured_media":0,"parent":0,"menu_order":0,"comment_status":"closed","ping_status":"closed","template":"","meta":[],"_links":{"self":[{"href":"https:\/\/vaniacandelot.com.br\/portal\/wp-json\/wp\/v2\/pages\/1033"}],"collection":[{"href":"https:\/\/vaniacandelot.com.br\/portal\/wp-json\/wp\/v2\/pages"}],"about":[{"href":"https:\/\/vaniacandelot.com.br\/portal\/wp-json\/wp\/v2\/types\/page"}],"author":[{"embeddable":true,"href":"https:\/\/vaniacandelot.com.br\/portal\/wp-json\/wp\/v2\/users\/1"}],"replies":[{"embeddable":true,"href":"https:\/\/vaniacandelot.com.br\/portal\/wp-json\/wp\/v2\/comments?post=1033"}],"version-history":[{"count":31,"href":"https:\/\/vaniacandelot.com.br\/portal\/wp-json\/wp\/v2\/pages\/1033\/revisions"}],"predecessor-version":[{"id":1397,"href":"https:\/\/vaniacandelot.com.br\/portal\/wp-json\/wp\/v2\/pages\/1033\/revisions\/1397"}],"wp:attachment":[{"href":"https:\/\/vaniacandelot.com.br\/portal\/wp-json\/wp\/v2\/media?parent=1033"}],"curies":[{"name":"wp","href":"https:\/\/api.w.org\/{rel}","templated":true}]}}